{"id":3918,"date":"2023-01-20T14:16:47","date_gmt":"2023-01-20T14:16:47","guid":{"rendered":"https:\/\/www.adenes.eu\/legal-information\/"},"modified":"2023-04-18T14:43:22","modified_gmt":"2023-04-18T14:43:22","slug":"legal-information","status":"publish","type":"page","link":"https:\/\/www.adenes.eu\/en\/legal-information\/","title":{"rendered":"Legal information"},"content":{"rendered":"\t\t<div data-elementor-type=\"wp-page\" data-elementor-id=\"3918\" class=\"elementor elementor-3918 elementor-1615\" data-elementor-post-type=\"page\">\n\t\t\t\t\t\t<section class=\"elementor-section elementor-top-section elementor-element elementor-element-4d62e17 elementor-section-boxed elementor-section-height-default elementor-section-height-default\" data-id=\"4d62e17\" data-element_type=\"section\" data-e-type=\"section\">\n\t\t\t\t\t\t<div class=\"elementor-container elementor-column-gap-default\">\n\t\t\t\t\t<div class=\"elementor-column elementor-col-100 elementor-top-column elementor-element elementor-element-8f5c454\" data-id=\"8f5c454\" data-element_type=\"column\" data-e-type=\"column\">\n\t\t\t<div class=\"elementor-widget-wrap elementor-element-populated\">\n\t\t\t\t\t\t<div class=\"elementor-element elementor-element-6c2431b elementor-widget elementor-widget-spacer\" data-id=\"6c2431b\" data-element_type=\"widget\" data-e-type=\"widget\" data-widget_type=\"spacer.default\">\n\t\t\t\t<div class=\"elementor-widget-container\">\n\t\t\t\t\t\t\t<div class=\"elementor-spacer\">\n\t\t\t<div class=\"elementor-spacer-inner\"><\/div>\n\t\t<\/div>\n\t\t\t\t\t\t<\/div>\n\t\t\t\t<\/div>\n\t\t\t\t\t<\/div>\n\t\t<\/div>\n\t\t\t\t\t<\/div>\n\t\t<\/section>\n\t\t\t\t<section class=\"elementor-section elementor-top-section elementor-element elementor-element-c1520ef elementor-section-boxed elementor-section-height-default elementor-section-height-default\" data-id=\"c1520ef\" data-element_type=\"section\" data-e-type=\"section\">\n\t\t\t\t\t\t<div class=\"elementor-container elementor-column-gap-default\">\n\t\t\t\t\t<div class=\"elementor-column elementor-col-100 elementor-top-column elementor-element elementor-element-b4bd0ab\" data-id=\"b4bd0ab\" data-element_type=\"column\" data-e-type=\"column\">\n\t\t\t<div class=\"elementor-widget-wrap elementor-element-populated\">\n\t\t\t\t\t\t<div class=\"elementor-element elementor-element-b3c93a2 elementor-widget elementor-widget-heading\" data-id=\"b3c93a2\" data-element_type=\"widget\" data-e-type=\"widget\" data-widget_type=\"heading.default\">\n\t\t\t\t<div class=\"elementor-widget-container\">\n\t\t\t\t\t<h2 class=\"elementor-heading-title elementor-size-default\">LEGAL NOTICES<\/h2>\t\t\t\t<\/div>\n\t\t\t\t<\/div>\n\t\t\t\t\t<\/div>\n\t\t<\/div>\n\t\t\t\t\t<\/div>\n\t\t<\/section>\n\t\t\t\t<section class=\"elementor-section elementor-top-section elementor-element elementor-element-041d3c0 elementor-section-boxed elementor-section-height-default elementor-section-height-default\" data-id=\"041d3c0\" data-element_type=\"section\" data-e-type=\"section\">\n\t\t\t\t\t\t<div class=\"elementor-container elementor-column-gap-default\">\n\t\t\t\t\t<div class=\"elementor-column elementor-col-100 elementor-top-column elementor-element elementor-element-ebd73a7\" data-id=\"ebd73a7\" data-element_type=\"column\" data-e-type=\"column\">\n\t\t\t<div class=\"elementor-widget-wrap elementor-element-populated\">\n\t\t\t\t\t\t<div class=\"elementor-element elementor-element-c08cbf9 elementor-widget elementor-widget-text-editor\" data-id=\"c08cbf9\" data-element_type=\"widget\" data-e-type=\"widget\" data-widget_type=\"text-editor.default\">\n\t\t\t\t<div class=\"elementor-widget-container\">\n\t\t\t\t\t\t\t\t\t<div class=\"page-excerpt\">\n<div class=\"six columns\">\n<div class=\"gdlr-ux column-service-ux\">\n<div class=\"gdlr-item gdlr-column-service-item\">\n<div class=\"column-service-content\">\n<div id=\"u6\">\n<div id=\"u6_rtf\">ADENES, 18 rue H\u00e9l\u00e8ne et Fran\u00e7ois Missoffe &#8211; 75017 PARIS &#8211; FRANCE<\/div>\n<\/div>\n<\/div>\n<\/div>\n<\/div>\n<\/div>\n<div class=\"six columns\">\n<div class=\"gdlr-ux column-service-ux\">\n<div class=\"gdlr-item gdlr-column-service-item\">\n<div class=\"column-service-icon\">&nbsp;<\/div>\n<div class=\"column-service-content\">\n<p>This website is edited and managed by the company ADENES.<\/p>\n<p>ADENES SAS is a company with a capital of 9 348 920,00\u20ac registered at the RCS of Paris 511 709 677. SIRET 51170967700039 , Code NAF 6621Z. Director of publication: The current president of ADENES.<\/p>\n<p>This website is hosted by Gandi SAS, 63 BD MASSENA 75013 PARIS<\/p>\n<\/div>\n<\/div>\n<\/div>\n<\/div>\n<\/div>\t\t\t\t\t\t\t\t<\/div>\n\t\t\t\t<\/div>\n\t\t\t\t\t<\/div>\n\t\t<\/div>\n\t\t\t\t\t<\/div>\n\t\t<\/section>\n\t\t\t\t<section class=\"elementor-section elementor-top-section elementor-element elementor-element-38e6bc6 elementor-section-boxed elementor-section-height-default elementor-section-height-default\" data-id=\"38e6bc6\" data-element_type=\"section\" data-e-type=\"section\">\n\t\t\t\t\t\t<div class=\"elementor-container elementor-column-gap-default\">\n\t\t\t\t\t<div class=\"elementor-column elementor-col-100 elementor-top-column elementor-element elementor-element-03e004a\" data-id=\"03e004a\" data-element_type=\"column\" data-e-type=\"column\">\n\t\t\t<div class=\"elementor-widget-wrap elementor-element-populated\">\n\t\t\t\t\t\t<div class=\"elementor-element elementor-element-956a8b8 elementor-widget elementor-widget-spacer\" data-id=\"956a8b8\" data-element_type=\"widget\" data-e-type=\"widget\" data-widget_type=\"spacer.default\">\n\t\t\t\t<div class=\"elementor-widget-container\">\n\t\t\t\t\t\t\t<div class=\"elementor-spacer\">\n\t\t\t<div class=\"elementor-spacer-inner\"><\/div>\n\t\t<\/div>\n\t\t\t\t\t\t<\/div>\n\t\t\t\t<\/div>\n\t\t\t\t\t<\/div>\n\t\t<\/div>\n\t\t\t\t\t<\/div>\n\t\t<\/section>\n\t\t\t\t<\/div>\n\t\t","protected":false},"excerpt":{"rendered":"<p>LEGAL NOTICES ADENES, 18 rue H\u00e9l\u00e8ne et Fran\u00e7ois Missoffe &#8211; 75017 PARIS &#8211; FRANCE &nbsp; This website is edited and managed by the company ADENES. ADENES SAS is a company with a capital of 9 348 920,00\u20ac registered at the RCS of Paris 511 709 677. SIRET 51170967700039 , Code NAF 6621Z. Director of publication: [&hellip;]<\/p>\n","protected":false},"author":1,"featured_media":0,"parent":0,"menu_order":0,"comment_status":"closed","ping_status":"closed","template":"elementor_header_footer","meta":{"inline_featured_image":false,"footnotes":""},"class_list":["post-3918","page","type-page","status-publish","hentry","entry"],"yoast_head":"<!-- This site is optimized with the Yoast SEO plugin v27.2 - https:\/\/yoast.com\/product\/yoast-seo-wordpress\/ -->\n<title>Legal notice of the ADENES Group<\/title>\n<meta name=\"description\" content=\"The ADENES Group, leader in certain areas of insurance expertise in France.\" \/>\n<meta name=\"robots\" content=\"index, follow, max-snippet:-1, max-image-preview:large, max-video-preview:-1\" \/>\n<link rel=\"canonical\" href=\"https:\/\/www.adenes.eu\/en\/legal-information\/\" \/>\n<meta property=\"og:locale\" content=\"en_US\" \/>\n<meta property=\"og:type\" content=\"article\" \/>\n<meta property=\"og:title\" content=\"Legal notice of the ADENES Group\" \/>\n<meta property=\"og:description\" content=\"The ADENES Group, leader in certain areas of insurance expertise in France.\" \/>\n<meta property=\"og:url\" content=\"https:\/\/www.adenes.eu\/en\/legal-information\/\" \/>\n<meta property=\"og:site_name\" content=\"Adenes\" \/>\n<meta property=\"article:publisher\" content=\"https:\/\/www.facebook.com\/GroupeAdenes\" \/>\n<meta property=\"article:modified_time\" content=\"2023-04-18T14:43:22+00:00\" \/>\n<meta name=\"twitter:card\" content=\"summary_large_image\" \/>\n<script type=\"application\/ld+json\" class=\"yoast-schema-graph\">{\"@context\":\"https:\/\/schema.org\",\"@graph\":[{\"@type\":\"WebPage\",\"@id\":\"https:\/\/www.adenes.eu\/en\/legal-information\/\",\"url\":\"https:\/\/www.adenes.eu\/en\/legal-information\/\",\"name\":\"Legal notice of the ADENES Group\",\"isPartOf\":{\"@id\":\"https:\/\/www.adenes.eu\/en\/#website\"},\"datePublished\":\"2023-01-20T14:16:47+00:00\",\"dateModified\":\"2023-04-18T14:43:22+00:00\",\"description\":\"The ADENES Group, leader in certain areas of insurance expertise in France.\",\"breadcrumb\":{\"@id\":\"https:\/\/www.adenes.eu\/en\/legal-information\/#breadcrumb\"},\"inLanguage\":\"en-US\",\"potentialAction\":[{\"@type\":\"ReadAction\",\"target\":[\"https:\/\/www.adenes.eu\/en\/legal-information\/\"]}]},{\"@type\":\"BreadcrumbList\",\"@id\":\"https:\/\/www.adenes.eu\/en\/legal-information\/#breadcrumb\",\"itemListElement\":[{\"@type\":\"ListItem\",\"position\":1,\"name\":\"Accueil\",\"item\":\"https:\/\/www.adenes.eu\/en\/home\/\"},{\"@type\":\"ListItem\",\"position\":2,\"name\":\"Legal information\"}]},{\"@type\":\"WebSite\",\"@id\":\"https:\/\/www.adenes.eu\/en\/#website\",\"url\":\"https:\/\/www.adenes.eu\/en\/\",\"name\":\"Groupe ADENES\",\"description\":\"\",\"publisher\":{\"@id\":\"https:\/\/www.adenes.eu\/en\/#organization\"},\"potentialAction\":[{\"@type\":\"SearchAction\",\"target\":{\"@type\":\"EntryPoint\",\"urlTemplate\":\"https:\/\/www.adenes.eu\/en\/?s={search_term_string}\"},\"query-input\":{\"@type\":\"PropertyValueSpecification\",\"valueRequired\":true,\"valueName\":\"search_term_string\"}}],\"inLanguage\":\"en-US\"},{\"@type\":\"Organization\",\"@id\":\"https:\/\/www.adenes.eu\/en\/#organization\",\"name\":\"Groupe ADENES\",\"url\":\"https:\/\/www.adenes.eu\/en\/\",\"logo\":{\"@type\":\"ImageObject\",\"inLanguage\":\"en-US\",\"@id\":\"https:\/\/www.adenes.eu\/en\/#\/schema\/logo\/image\/\",\"url\":\"https:\/\/www.adenes.eu\/wp-content\/uploads\/2023\/01\/logo-adenes.png\",\"contentUrl\":\"https:\/\/www.adenes.eu\/wp-content\/uploads\/2023\/01\/logo-adenes.png\",\"width\":551,\"height\":414,\"caption\":\"Groupe ADENES\"},\"image\":{\"@id\":\"https:\/\/www.adenes.eu\/en\/#\/schema\/logo\/image\/\"},\"sameAs\":[\"https:\/\/www.facebook.com\/GroupeAdenes\"]}]}<\/script>\n<!-- \/ Yoast SEO plugin. -->","yoast_head_json":{"title":"Legal notice of the ADENES Group","description":"The ADENES Group, leader in certain areas of insurance expertise in France.","robots":{"index":"index","follow":"follow","max-snippet":"max-snippet:-1","max-image-preview":"max-image-preview:large","max-video-preview":"max-video-preview:-1"},"canonical":"https:\/\/www.adenes.eu\/en\/legal-information\/","og_locale":"en_US","og_type":"article","og_title":"Legal notice of the ADENES Group","og_description":"The ADENES Group, leader in certain areas of insurance expertise in France.","og_url":"https:\/\/www.adenes.eu\/en\/legal-information\/","og_site_name":"Adenes","article_publisher":"https:\/\/www.facebook.com\/GroupeAdenes","article_modified_time":"2023-04-18T14:43:22+00:00","twitter_card":"summary_large_image","schema":{"@context":"https:\/\/schema.org","@graph":[{"@type":"WebPage","@id":"https:\/\/www.adenes.eu\/en\/legal-information\/","url":"https:\/\/www.adenes.eu\/en\/legal-information\/","name":"Legal notice of the ADENES Group","isPartOf":{"@id":"https:\/\/www.adenes.eu\/en\/#website"},"datePublished":"2023-01-20T14:16:47+00:00","dateModified":"2023-04-18T14:43:22+00:00","description":"The ADENES Group, leader in certain areas of insurance expertise in France.","breadcrumb":{"@id":"https:\/\/www.adenes.eu\/en\/legal-information\/#breadcrumb"},"inLanguage":"en-US","potentialAction":[{"@type":"ReadAction","target":["https:\/\/www.adenes.eu\/en\/legal-information\/"]}]},{"@type":"BreadcrumbList","@id":"https:\/\/www.adenes.eu\/en\/legal-information\/#breadcrumb","itemListElement":[{"@type":"ListItem","position":1,"name":"Accueil","item":"https:\/\/www.adenes.eu\/en\/home\/"},{"@type":"ListItem","position":2,"name":"Legal information"}]},{"@type":"WebSite","@id":"https:\/\/www.adenes.eu\/en\/#website","url":"https:\/\/www.adenes.eu\/en\/","name":"Groupe ADENES","description":"","publisher":{"@id":"https:\/\/www.adenes.eu\/en\/#organization"},"potentialAction":[{"@type":"SearchAction","target":{"@type":"EntryPoint","urlTemplate":"https:\/\/www.adenes.eu\/en\/?s={search_term_string}"},"query-input":{"@type":"PropertyValueSpecification","valueRequired":true,"valueName":"search_term_string"}}],"inLanguage":"en-US"},{"@type":"Organization","@id":"https:\/\/www.adenes.eu\/en\/#organization","name":"Groupe ADENES","url":"https:\/\/www.adenes.eu\/en\/","logo":{"@type":"ImageObject","inLanguage":"en-US","@id":"https:\/\/www.adenes.eu\/en\/#\/schema\/logo\/image\/","url":"https:\/\/www.adenes.eu\/wp-content\/uploads\/2023\/01\/logo-adenes.png","contentUrl":"https:\/\/www.adenes.eu\/wp-content\/uploads\/2023\/01\/logo-adenes.png","width":551,"height":414,"caption":"Groupe ADENES"},"image":{"@id":"https:\/\/www.adenes.eu\/en\/#\/schema\/logo\/image\/"},"sameAs":["https:\/\/www.facebook.com\/GroupeAdenes"]}]}},"_links":{"self":[{"href":"https:\/\/www.adenes.eu\/en\/wp-json\/wp\/v2\/pages\/3918","targetHints":{"allow":["GET"]}}],"collection":[{"href":"https:\/\/www.adenes.eu\/en\/wp-json\/wp\/v2\/pages"}],"about":[{"href":"https:\/\/www.adenes.eu\/en\/wp-json\/wp\/v2\/types\/page"}],"author":[{"embeddable":true,"href":"https:\/\/www.adenes.eu\/en\/wp-json\/wp\/v2\/users\/1"}],"replies":[{"embeddable":true,"href":"https:\/\/www.adenes.eu\/en\/wp-json\/wp\/v2\/comments?post=3918"}],"version-history":[{"count":3,"href":"https:\/\/www.adenes.eu\/en\/wp-json\/wp\/v2\/pages\/3918\/revisions"}],"predecessor-version":[{"id":3927,"href":"https:\/\/www.adenes.eu\/en\/wp-json\/wp\/v2\/pages\/3918\/revisions\/3927"}],"wp:attachment":[{"href":"https:\/\/www.adenes.eu\/en\/wp-json\/wp\/v2\/media?parent=3918"}],"curies":[{"name":"wp","href":"https:\/\/api.w.org\/{rel}","templated":true}]}}